{"id":1004,"date":"2023-02-21T14:34:38","date_gmt":"2023-02-21T13:34:38","guid":{"rendered":"https:\/\/beogradskipark.rs\/belgrade-parks\/"},"modified":"2023-10-16T17:47:04","modified_gmt":"2023-10-16T16:47:04","slug":"belgrade-parks","status":"publish","type":"page","link":"https:\/\/beogradskipark.rs\/en\/belgrade-parks\/","title":{"rendered":"Belgrade parks"},"content":{"rendered":"\t\t<div data-elementor-type=\"wp-page\" data-elementor-id=\"1004\" class=\"elementor elementor-1004\" data-elementor-post-type=\"page\">\n\t\t\t\t\t\t<section class=\"elementor-section elementor-top-section elementor-element elementor-element-4e04111 elementor-section-boxed elementor-section-height-default elementor-section-height-default\" data-id=\"4e04111\" data-element_type=\"section\" data-e-type=\"section\" data-settings=\"{&quot;background_background&quot;:&quot;classic&quot;,&quot;shape_divider_bottom&quot;:&quot;curve&quot;,&quot;shape_divider_bottom_negative&quot;:&quot;yes&quot;}\">\n\t\t\t\t\t\t\t<div class=\"elementor-background-overlay\"><\/div>\n\t\t\t\t\t\t<div class=\"elementor-shape elementor-shape-bottom\" aria-hidden=\"true\" data-negative=\"true\">\n\t\t\t<svg xmlns=\"http:\/\/www.w3.org\/2000\/svg\" viewBox=\"0 0 1000 100\" preserveAspectRatio=\"none\">\n\t<path class=\"elementor-shape-fill\" d=\"M500,97C126.7,96.3,0.8,19.8,0,0v100l1000,0V1C1000,19.4,873.3,97.8,500,97z\"\/>\n<\/svg>\t\t<\/div>\n\t\t\t\t\t<div class=\"elementor-container elementor-column-gap-default\">\n\t\t\t\t\t<div class=\"elementor-column elementor-col-100 elementor-top-column elementor-element elementor-element-9f19e6c\" data-id=\"9f19e6c\" data-element_type=\"column\" data-e-type=\"column\">\n\t\t\t<div class=\"elementor-widget-wrap elementor-element-populated\">\n\t\t\t\t\t\t<div class=\"elementor-element elementor-element-4f432d3 elementor-invisible elementor-widget elementor-widget-heading\" data-id=\"4f432d3\" data-element_type=\"widget\" data-e-type=\"widget\" data-settings=\"{&quot;_animation&quot;:&quot;fadeInUp&quot;,&quot;_animation_delay&quot;:200}\" data-widget_type=\"heading.default\">\n\t\t\t\t<div class=\"elementor-widget-container\">\n\t\t\t\t\t<h1 class=\"elementor-heading-title elementor-size-default\">Parks<\/h1>\t\t\t\t<\/div>\n\t\t\t\t<\/div>\n\t\t\t\t\t<\/div>\n\t\t<\/div>\n\t\t\t\t\t<\/div>\n\t\t<\/section>\n\t\t\t\t<section class=\"elementor-section elementor-top-section elementor-element elementor-element-49fd7941 elementor-section-boxed elementor-section-height-default elementor-section-height-default\" data-id=\"49fd7941\" data-element_type=\"section\" data-e-type=\"section\">\n\t\t\t\t\t\t<div class=\"elementor-container elementor-column-gap-default\">\n\t\t\t\t\t<div class=\"elementor-column elementor-col-100 elementor-top-column elementor-element elementor-element-2cb2e0b\" data-id=\"2cb2e0b\" data-element_type=\"column\" data-e-type=\"column\" data-settings=\"{&quot;background_background&quot;:&quot;classic&quot;}\">\n\t\t\t<div class=\"elementor-widget-wrap elementor-element-populated\">\n\t\t\t\t\t\t<div class=\"elementor-element elementor-element-1d1ba9f elementor-widget elementor-widget-html\" data-id=\"1d1ba9f\" data-element_type=\"widget\" data-e-type=\"widget\" data-widget_type=\"html.default\">\n\t\t\t\t<div class=\"elementor-widget-container\">\n\t\t\t\t\t<iframe src=\"https:\/\/www.google.com\/maps\/d\/embed?mid=1XUGf4BecF1sLKExRbmBsXeTxk26FuWA&amp;ehbc=2E312F\" width=\"640\" height=\"480\"><\/iframe>\t\t\t\t<\/div>\n\t\t\t\t<\/div>\n\t\t\t\t<div class=\"elementor-element elementor-element-2ae87ce elementor-widget elementor-widget-html\" data-id=\"2ae87ce\" data-element_type=\"widget\" data-e-type=\"widget\" data-widget_type=\"html.default\">\n\t\t\t\t<div class=\"elementor-widget-container\">\n\t\t\t\t\t<script>jQuery(document).ready(function($) {\nvar delay = 100; setTimeout(function() {\n$('.elementor-tab-title').removeClass('elementor-active');\n $('.elementor-tab-content').css('display', 'none'); }, delay);\n});\n<\/script>\t\t\t\t<\/div>\n\t\t\t\t<\/div>\n\t\t\t\t<div class=\"elementor-element elementor-element-c23f66b elementor-widget elementor-widget-accordion\" data-id=\"c23f66b\" data-element_type=\"widget\" data-e-type=\"widget\" data-widget_type=\"accordion.default\">\n\t\t\t\t<div class=\"elementor-widget-container\">\n\t\t\t\t\t\t\t<div class=\"elementor-accordion\">\n\t\t\t\t\t\t\t<div class=\"elementor-accordion-item\">\n\t\t\t\t\t<div id=\"elementor-tab-title-2031\" class=\"elementor-tab-title\" data-tab=\"1\" role=\"button\" aria-controls=\"elementor-tab-content-2031\" aria-expanded=\"false\">\n\t\t\t\t\t\t\t\t\t\t\t\t\t<span class=\"elementor-accordion-icon elementor-accordion-icon-right\" aria-hidden=\"true\">\n\t\t\t\t\t\t\t\t\t\t\t\t\t\t\t<span class=\"elementor-accordion-icon-closed\"><i class=\"fas fa-chevron-down\"><\/i><\/span>\n\t\t\t\t\t\t\t\t<span class=\"elementor-accordion-icon-opened\"><i class=\"fas fa-chevron-up\"><\/i><\/span>\n\t\t\t\t\t\t\t\t\t\t\t\t\t\t<\/span>\n\t\t\t\t\t\t\t\t\t\t\t\t<a class=\"elementor-accordion-title\" tabindex=\"0\">THE MUNCIPALITY OF STARI GRAD<\/a>\n\t\t\t\t\t<\/div>\n\t\t\t\t\t<div id=\"elementor-tab-content-2031\" class=\"elementor-tab-content elementor-clearfix\" data-tab=\"1\" role=\"region\" aria-labelledby=\"elementor-tab-title-2031\"><table width=\"145\"><tbody><tr><td width=\"145\"><span style=\"text-decoration: underline;\"><a href=\"https:\/\/beogradskipark.rs\/en\/parks\/pionirski-park\/\">PIONIRSKI PARK<\/a><\/span><\/td><\/tr><tr><td width=\"145\"><span style=\"text-decoration: underline;\"><a href=\"https:\/\/beogradskipark.rs\/en\/parks\/aleksandrov-park\/\">ALEKSANDROV PARK<\/a><\/span><\/td><\/tr><tr><td width=\"145\">PARTER NOVI I STARI DVOR<\/td><\/tr><tr><td width=\"145\">PARK KOD NARODNE SKUP\u0160TINE REPUBLIKE SRBIJE<\/td><\/tr><tr><td width=\"145\"><span style=\"text-decoration: underline;\"><a href=\"https:\/\/beogradskipark.rs\/en\/parks\/akademski-park\/\">AKADEMSKI PARK<\/a><\/span><\/td><\/tr><tr><td width=\"145\">PARK TERAZIJSKA TERASA<\/td><\/tr><tr><td width=\"145\"><span style=\"text-decoration: underline;\"><a href=\"https:\/\/beogradskipark.rs\/en\/parks\/park-vojvode-vuka\/\">PARK PROLE\u0106E<\/a><\/span><\/td><\/tr><tr><td width=\"145\"><span style=\"text-decoration: underline;\"><a href=\"https:\/\/beogradskipark.rs\/en\/parks\/pancicev-park\/\">PAN\u010cI\u0106EV PARK<\/a><\/span><\/td><\/tr><\/tbody><\/table><\/div>\n\t\t\t\t<\/div>\n\t\t\t\t\t\t\t<div class=\"elementor-accordion-item\">\n\t\t\t\t\t<div id=\"elementor-tab-title-2032\" class=\"elementor-tab-title\" data-tab=\"2\" role=\"button\" aria-controls=\"elementor-tab-content-2032\" aria-expanded=\"false\">\n\t\t\t\t\t\t\t\t\t\t\t\t\t<span class=\"elementor-accordion-icon elementor-accordion-icon-right\" aria-hidden=\"true\">\n\t\t\t\t\t\t\t\t\t\t\t\t\t\t\t<span class=\"elementor-accordion-icon-closed\"><i class=\"fas fa-chevron-down\"><\/i><\/span>\n\t\t\t\t\t\t\t\t<span class=\"elementor-accordion-icon-opened\"><i class=\"fas fa-chevron-up\"><\/i><\/span>\n\t\t\t\t\t\t\t\t\t\t\t\t\t\t<\/span>\n\t\t\t\t\t\t\t\t\t\t\t\t<a class=\"elementor-accordion-title\" tabindex=\"0\">THE MUNCIPALITY OF PALILULA<\/a>\n\t\t\t\t\t<\/div>\n\t\t\t\t\t<div id=\"elementor-tab-content-2032\" class=\"elementor-tab-content elementor-clearfix\" data-tab=\"2\" role=\"region\" aria-labelledby=\"elementor-tab-title-2032\"><table width=\"145\"><tbody><tr><td width=\"145\"><span style=\"text-decoration: underline;\"><a href=\"https:\/\/beogradskipark.rs\/en\/parks\/park-tasmajdan\/\">PARK TA\u0160MAJDAN<\/a><\/span><\/td><\/tr><tr><td width=\"145\"><span style=\"text-decoration: underline;\"><a href=\"https:\/\/beogradskipark.rs\/en\/parks\/park-mali-tasmajdan\/\">PARK MALI TA\u0160MAJDAN<\/a><\/span><\/td><\/tr><tr><td width=\"145\">PARK \u0110URE STRUGARA<\/td><\/tr><tr><td width=\"145\">SPOMEN GROBLjE OSLOBODILACA BEOGRADA<\/td><\/tr><tr><td width=\"145\">PARK STARINE NOVAKA<\/td><\/tr><tr><td width=\"145\">PARK JOVANA CVIJI\u0106A<\/td><\/tr><tr><td width=\"145\">PARK OSMANA \u0110IKI\u0106A<\/td><\/tr><tr><td width=\"145\">DUNAVSKI PARK<\/td><\/tr><tr><td width=\"145\">TAKOVSKI PARK<\/td><\/tr><\/tbody><\/table><\/div>\n\t\t\t\t<\/div>\n\t\t\t\t\t\t\t<div class=\"elementor-accordion-item\">\n\t\t\t\t\t<div id=\"elementor-tab-title-2033\" class=\"elementor-tab-title\" data-tab=\"3\" role=\"button\" aria-controls=\"elementor-tab-content-2033\" aria-expanded=\"false\">\n\t\t\t\t\t\t\t\t\t\t\t\t\t<span class=\"elementor-accordion-icon elementor-accordion-icon-right\" aria-hidden=\"true\">\n\t\t\t\t\t\t\t\t\t\t\t\t\t\t\t<span class=\"elementor-accordion-icon-closed\"><i class=\"fas fa-chevron-down\"><\/i><\/span>\n\t\t\t\t\t\t\t\t<span class=\"elementor-accordion-icon-opened\"><i class=\"fas fa-chevron-up\"><\/i><\/span>\n\t\t\t\t\t\t\t\t\t\t\t\t\t\t<\/span>\n\t\t\t\t\t\t\t\t\t\t\t\t<a class=\"elementor-accordion-title\" tabindex=\"0\">THE MUNCIPALITY OF VRA\u010cAR<\/a>\n\t\t\t\t\t<\/div>\n\t\t\t\t\t<div id=\"elementor-tab-content-2033\" class=\"elementor-tab-content elementor-clearfix\" data-tab=\"3\" role=\"region\" aria-labelledby=\"elementor-tab-title-2033\"><table width=\"145\"><tbody><tr><td width=\"145\">PARK KOD HRAMA SVETOG SAVE<\/td><\/tr><tr><td width=\"145\"><span style=\"text-decoration: underline;\"><a href=\"https:\/\/beogradskipark.rs\/en\/parks\/karadjordjev-park\/\">KARA\u0110OR\u0110EV PARK<\/a><\/span><\/td><\/tr><tr><td width=\"145\">PARK BLOK SLAVIJA<\/td><\/tr><tr><td width=\"145\"><span style=\"text-decoration: underline;\"><a href=\"https:\/\/beogradskipark.rs\/en\/parks\/cuburski-park\/\">\u010cUBURSKI PARK<\/a><\/span><\/td><\/tr><tr><td width=\"145\">NEIMARSKI PARK<\/td><\/tr><\/tbody><\/table><\/div>\n\t\t\t\t<\/div>\n\t\t\t\t\t\t\t<div class=\"elementor-accordion-item\">\n\t\t\t\t\t<div id=\"elementor-tab-title-2034\" class=\"elementor-tab-title\" data-tab=\"4\" role=\"button\" aria-controls=\"elementor-tab-content-2034\" aria-expanded=\"false\">\n\t\t\t\t\t\t\t\t\t\t\t\t\t<span class=\"elementor-accordion-icon elementor-accordion-icon-right\" aria-hidden=\"true\">\n\t\t\t\t\t\t\t\t\t\t\t\t\t\t\t<span class=\"elementor-accordion-icon-closed\"><i class=\"fas fa-chevron-down\"><\/i><\/span>\n\t\t\t\t\t\t\t\t<span class=\"elementor-accordion-icon-opened\"><i class=\"fas fa-chevron-up\"><\/i><\/span>\n\t\t\t\t\t\t\t\t\t\t\t\t\t\t<\/span>\n\t\t\t\t\t\t\t\t\t\t\t\t<a class=\"elementor-accordion-title\" tabindex=\"0\">THE MUNCIPALITY OF ZVEZDARA<\/a>\n\t\t\t\t\t<\/div>\n\t\t\t\t\t<div id=\"elementor-tab-content-2034\" class=\"elementor-tab-content elementor-clearfix\" data-tab=\"4\" role=\"region\" aria-labelledby=\"elementor-tab-title-2034\"><table width=\"145\"><tbody><tr><td width=\"145\"><span style=\"text-decoration: underline;\"><a href=\"https:\/\/beogradskipark.rs\/en\/parks\/park-cirila-i-metodija\/\">PARK \u0106IRILO I METODIJE<\/a><\/span><\/td><\/tr><tr><td width=\"145\">PARK KOD \u0160ESTE BEOGRADSKE GIMNAZIJE<\/td><\/tr><tr><td width=\"145\">NATURAL MONUMENT &#8220;ZVEZDARA FOREST&#8221;<\/td><\/tr><\/tbody><\/table><\/div>\n\t\t\t\t<\/div>\n\t\t\t\t\t\t\t<div class=\"elementor-accordion-item\">\n\t\t\t\t\t<div id=\"elementor-tab-title-2035\" class=\"elementor-tab-title\" data-tab=\"5\" role=\"button\" aria-controls=\"elementor-tab-content-2035\" aria-expanded=\"false\">\n\t\t\t\t\t\t\t\t\t\t\t\t\t<span class=\"elementor-accordion-icon elementor-accordion-icon-right\" aria-hidden=\"true\">\n\t\t\t\t\t\t\t\t\t\t\t\t\t\t\t<span class=\"elementor-accordion-icon-closed\"><i class=\"fas fa-chevron-down\"><\/i><\/span>\n\t\t\t\t\t\t\t\t<span class=\"elementor-accordion-icon-opened\"><i class=\"fas fa-chevron-up\"><\/i><\/span>\n\t\t\t\t\t\t\t\t\t\t\t\t\t\t<\/span>\n\t\t\t\t\t\t\t\t\t\t\t\t<a class=\"elementor-accordion-title\" tabindex=\"0\">THE MUNCIPALITY OF SAVSKI VENAC<\/a>\n\t\t\t\t\t<\/div>\n\t\t\t\t\t<div id=\"elementor-tab-content-2035\" class=\"elementor-tab-content elementor-clearfix\" data-tab=\"5\" role=\"region\" aria-labelledby=\"elementor-tab-title-2035\"><table width=\"145\"><tbody><tr><td width=\"145\"><span style=\"text-decoration: underline;\"><a href=\"https:\/\/beogradskipark.rs\/en\/parks\/park-manjez\/\">PARK MANJE\u017d<\/a><\/span><\/td><\/tr><tr><td width=\"145\"><span style=\"text-decoration: underline;\"><a href=\"https:\/\/beogradskipark.rs\/en\/parks\/park-milutin-milankovic\/\">PARK MILUTINA MILANKOVI\u0106A<\/a><\/span><\/td><\/tr><tr><td width=\"145\"><span style=\"text-decoration: underline;\"><a href=\"https:\/\/beogradskipark.rs\/en\/parks\/park-gavrila-principa\/\">PARK GAVRILA PRINCIPA<\/a><\/span><\/td><\/tr><tr><td width=\"145\">PARK HAJDUK VELJKOV VENAC<\/td><\/tr><tr><td width=\"145\">PARK LJUTICE BOGDANA<\/td><\/tr><tr><td width=\"145\"><span style=\"text-decoration: underline;\"><a href=\"https:\/\/beogradskipark.rs\/en\/parks\/park-luka-celovic\/\">PARK LUKE \u0106ELOVI\u0106A<\/a><\/span><\/td><\/tr><tr><td width=\"145\"><span style=\"text-decoration: underline;\"><a href=\"https:\/\/beogradskipark.rs\/en\/parks\/park-topcider\/\">PARK TOP\u010cIDER<\/a><\/span><\/td><\/tr><tr><td width=\"145\"><span style=\"text-decoration: underline;\"><a href=\"https:\/\/beogradskipark.rs\/en\/parks\/hajd-park\/\">HYDE PARK<\/a><\/span><\/td><\/tr><tr><td width=\"145\"><span style=\"text-decoration: underline;\"><a href=\"https:\/\/beogradskipark.rs\/en\/parks\/park-bristol\/\">PARK KOD HOTELA BRISTOL<\/a><\/span><\/td><\/tr><tr><td width=\"145\"><span style=\"text-decoration: underline;\"><a href=\"https:\/\/beogradskipark.rs\/en\/parks\/park-lepi-izgled\/\">PARK LEPI IZGLED<\/a><\/span><\/td><\/tr><tr><td width=\"145\">PARK KOD VOJNE GIMNAZIJE<\/td><\/tr><tr><td width=\"145\">ZELENA POVR\u0160INA KOD VETERINARSKOG FAKULTETA<\/td><\/tr><\/tbody><\/table><\/div>\n\t\t\t\t<\/div>\n\t\t\t\t\t\t\t<div class=\"elementor-accordion-item\">\n\t\t\t\t\t<div id=\"elementor-tab-title-2036\" class=\"elementor-tab-title\" data-tab=\"6\" role=\"button\" aria-controls=\"elementor-tab-content-2036\" aria-expanded=\"false\">\n\t\t\t\t\t\t\t\t\t\t\t\t\t<span class=\"elementor-accordion-icon elementor-accordion-icon-right\" aria-hidden=\"true\">\n\t\t\t\t\t\t\t\t\t\t\t\t\t\t\t<span class=\"elementor-accordion-icon-closed\"><i class=\"fas fa-chevron-down\"><\/i><\/span>\n\t\t\t\t\t\t\t\t<span class=\"elementor-accordion-icon-opened\"><i class=\"fas fa-chevron-up\"><\/i><\/span>\n\t\t\t\t\t\t\t\t\t\t\t\t\t\t<\/span>\n\t\t\t\t\t\t\t\t\t\t\t\t<a class=\"elementor-accordion-title\" tabindex=\"0\">THE MUNCIPALITY OF VO\u017dDOVAC<\/a>\n\t\t\t\t\t<\/div>\n\t\t\t\t\t<div id=\"elementor-tab-content-2036\" class=\"elementor-tab-content elementor-clearfix\" data-tab=\"6\" role=\"region\" aria-labelledby=\"elementor-tab-title-2036\"><table width=\"145\"><tbody><tr><td width=\"145\">VO\u017dDOVA\u010cKI PARK<\/td><\/tr><tr><td width=\"145\"><a href=\"https:\/\/beogradskipark.rs\/en\/parks\/memorial-park-jajinci\/\">&#8220;JAJINCI&#8221; MEMORIAL PARK<\/a><\/td><\/tr><tr><td width=\"145\">\u0160UMICA FOREST PARK<\/td><\/tr><tr><td width=\"145\">PARK JOVE ILI\u0106A<\/td><\/tr><tr><td width=\"145\">&#8220;BAJFORD FOREST&#8221; NATURAL MONUMENT<\/td><\/tr><\/tbody><\/table><\/div>\n\t\t\t\t<\/div>\n\t\t\t\t\t\t\t<div class=\"elementor-accordion-item\">\n\t\t\t\t\t<div id=\"elementor-tab-title-2037\" class=\"elementor-tab-title\" data-tab=\"7\" role=\"button\" aria-controls=\"elementor-tab-content-2037\" aria-expanded=\"false\">\n\t\t\t\t\t\t\t\t\t\t\t\t\t<span class=\"elementor-accordion-icon elementor-accordion-icon-right\" aria-hidden=\"true\">\n\t\t\t\t\t\t\t\t\t\t\t\t\t\t\t<span class=\"elementor-accordion-icon-closed\"><i class=\"fas fa-chevron-down\"><\/i><\/span>\n\t\t\t\t\t\t\t\t<span class=\"elementor-accordion-icon-opened\"><i class=\"fas fa-chevron-up\"><\/i><\/span>\n\t\t\t\t\t\t\t\t\t\t\t\t\t\t<\/span>\n\t\t\t\t\t\t\t\t\t\t\t\t<a class=\"elementor-accordion-title\" tabindex=\"0\">THE MUNCIPALITY OF ZEMUN<\/a>\n\t\t\t\t\t<\/div>\n\t\t\t\t\t<div id=\"elementor-tab-content-2037\" class=\"elementor-tab-content elementor-clearfix\" data-tab=\"7\" role=\"region\" aria-labelledby=\"elementor-tab-title-2037\"><table width=\"145\">\n<tbody>\n<tr>\n<td width=\"145\">CITY PARK<\/td>\n<\/tr>\n<tr>\n<td width=\"145\">PARK VOJSKE<\/td>\n<\/tr>\n<tr>\n<td width=\"145\">PARK KEJ OSLOBO\u0110ENJA<\/td>\n<\/tr>\n<tr>\n<td width=\"145\">PARK KALVARIJA<\/td>\n<\/tr>\n<\/tbody>\n<\/table>\n<\/div>\n\t\t\t\t<\/div>\n\t\t\t\t\t\t\t<div class=\"elementor-accordion-item\">\n\t\t\t\t\t<div id=\"elementor-tab-title-2038\" class=\"elementor-tab-title\" data-tab=\"8\" role=\"button\" aria-controls=\"elementor-tab-content-2038\" aria-expanded=\"false\">\n\t\t\t\t\t\t\t\t\t\t\t\t\t<span class=\"elementor-accordion-icon elementor-accordion-icon-right\" aria-hidden=\"true\">\n\t\t\t\t\t\t\t\t\t\t\t\t\t\t\t<span class=\"elementor-accordion-icon-closed\"><i class=\"fas fa-chevron-down\"><\/i><\/span>\n\t\t\t\t\t\t\t\t<span class=\"elementor-accordion-icon-opened\"><i class=\"fas fa-chevron-up\"><\/i><\/span>\n\t\t\t\t\t\t\t\t\t\t\t\t\t\t<\/span>\n\t\t\t\t\t\t\t\t\t\t\t\t<a class=\"elementor-accordion-title\" tabindex=\"0\">THE MUNCIPALITY OF NOVI BEOGRAD<\/a>\n\t\t\t\t\t<\/div>\n\t\t\t\t\t<div id=\"elementor-tab-content-2038\" class=\"elementor-tab-content elementor-clearfix\" data-tab=\"8\" role=\"region\" aria-labelledby=\"elementor-tab-title-2038\"><table width=\"145\">\n<tbody>\n<tr>\n<td width=\"145\">PARK U\u0160\u0106E BLOK 10 I 14<\/td>\n<\/tr>\n<tr>\n<td width=\"145\">PARK U\u0160\u0106E BLOK 15<\/td>\n<\/tr>\n<tr>\n<td width=\"145\">PARK PRIJATELJSTVA (U\u0160\u0106E)<\/td>\n<\/tr>\n<tr>\n<td width=\"145\">SPOMEN OBELE\u017dJE &#8220;STARO SAJMI\u0160TE&#8221;<\/td>\n<\/tr>\n<tr>\n<td width=\"145\">PARK BLOKU 63<\/td>\n<\/tr>\n<tr>\n<td width=\"145\">PARK REPUBLIKE ARGENTINE<\/td>\n<\/tr>\n<tr>\n<td width=\"145\">PARK KEJ<\/td>\n<\/tr>\n<tr>\n<td width=\"145\">PARK BLOK 22<\/td>\n<\/tr>\n<\/tbody>\n<\/table><\/div>\n\t\t\t\t<\/div>\n\t\t\t\t\t\t\t<div class=\"elementor-accordion-item\">\n\t\t\t\t\t<div id=\"elementor-tab-title-2039\" class=\"elementor-tab-title\" data-tab=\"9\" role=\"button\" aria-controls=\"elementor-tab-content-2039\" aria-expanded=\"false\">\n\t\t\t\t\t\t\t\t\t\t\t\t\t<span class=\"elementor-accordion-icon elementor-accordion-icon-right\" aria-hidden=\"true\">\n\t\t\t\t\t\t\t\t\t\t\t\t\t\t\t<span class=\"elementor-accordion-icon-closed\"><i class=\"fas fa-chevron-down\"><\/i><\/span>\n\t\t\t\t\t\t\t\t<span class=\"elementor-accordion-icon-opened\"><i class=\"fas fa-chevron-up\"><\/i><\/span>\n\t\t\t\t\t\t\t\t\t\t\t\t\t\t<\/span>\n\t\t\t\t\t\t\t\t\t\t\t\t<a class=\"elementor-accordion-title\" tabindex=\"0\">THE MUNCIPALITY OF \u010cUKARICA<\/a>\n\t\t\t\t\t<\/div>\n\t\t\t\t\t<div id=\"elementor-tab-content-2039\" class=\"elementor-tab-content elementor-clearfix\" data-tab=\"9\" role=\"region\" aria-labelledby=\"elementor-tab-title-2039\"><table width=\"145\">\n<tbody>\n<tr>\n<td width=\"145\">PARK BELE VODE<\/td>\n<\/tr>\n<tr>\n<td width=\"145\">PARK BANOVO BRDO<\/td>\n<\/tr>\n<tr>\n<td width=\"145\">PARK 88 STABALA<\/td>\n<\/tr>\n<\/tbody>\n<\/table>\n<\/div>\n\t\t\t\t<\/div>\n\t\t\t\t\t\t\t<div class=\"elementor-accordion-item\">\n\t\t\t\t\t<div id=\"elementor-tab-title-20310\" class=\"elementor-tab-title\" data-tab=\"10\" role=\"button\" aria-controls=\"elementor-tab-content-20310\" aria-expanded=\"false\">\n\t\t\t\t\t\t\t\t\t\t\t\t\t<span class=\"elementor-accordion-icon elementor-accordion-icon-right\" aria-hidden=\"true\">\n\t\t\t\t\t\t\t\t\t\t\t\t\t\t\t<span class=\"elementor-accordion-icon-closed\"><i class=\"fas fa-chevron-down\"><\/i><\/span>\n\t\t\t\t\t\t\t\t<span class=\"elementor-accordion-icon-opened\"><i class=\"fas fa-chevron-up\"><\/i><\/span>\n\t\t\t\t\t\t\t\t\t\t\t\t\t\t<\/span>\n\t\t\t\t\t\t\t\t\t\t\t\t<a class=\"elementor-accordion-title\" tabindex=\"0\">THE MUNCIPALITY OF RAKOVICA<\/a>\n\t\t\t\t\t<\/div>\n\t\t\t\t\t<div id=\"elementor-tab-content-20310\" class=\"elementor-tab-content elementor-clearfix\" data-tab=\"10\" role=\"region\" aria-labelledby=\"elementor-tab-title-20310\"><table width=\"145\">\n<tbody>\n<tr>\n<td width=\"145\">PARK JAPANSKO-SRPSKOG PRIJATELjSTVA<\/td>\n<\/tr>\n<tr>\n<td width=\"145\">PARK MILjAKOVA\u010cKI IZVORI<\/td>\n<\/tr>\n<\/tbody>\n<\/table>\n<\/div>\n\t\t\t\t<\/div>\n\t\t\t\t\t\t\t\t<\/div>\n\t\t\t\t\t\t<\/div>\n\t\t\t\t<\/div>\n\t\t\t\t\t<\/div>\n\t\t<\/div>\n\t\t\t\t\t<\/div>\n\t\t<\/section>\n\t\t\t\t<\/div>\n\t\t","protected":false},"excerpt":{"rendered":"<p>Parks THE MUNCIPALITY OF STARI GRAD PIONIRSKI PARK ALEKSANDROV PARK PARTER NOVI I STARI DVOR PARK KOD NARODNE SKUP\u0160TINE REPUBLIKE SRBIJE AKADEMSKI PARK PARK TERAZIJSKA TERASA PARK PROLE\u0106E PAN\u010cI\u0106EV PARK THE MUNCIPALITY OF PALILULA PARK TA\u0160MAJDAN PARK MALI TA\u0160MAJDAN PARK \u0110URE STRUGARA SPOMEN GROBLjE OSLOBODILACA BEOGRADA PARK STARINE NOVAKA PARK JOVANA CVIJI\u0106A PARK OSMANA \u0110IKI\u0106A [&hellip;]<\/p>\n","protected":false},"author":2,"featured_media":0,"parent":0,"menu_order":0,"comment_status":"closed","ping_status":"closed","template":"","meta":{"footnotes":""},"class_list":["post-1004","page","type-page","status-publish","hentry"],"_links":{"self":[{"href":"https:\/\/beogradskipark.rs\/en\/wp-json\/wp\/v2\/pages\/1004"}],"collection":[{"href":"https:\/\/beogradskipark.rs\/en\/wp-json\/wp\/v2\/pages"}],"about":[{"href":"https:\/\/beogradskipark.rs\/en\/wp-json\/wp\/v2\/types\/page"}],"author":[{"embeddable":true,"href":"https:\/\/beogradskipark.rs\/en\/wp-json\/wp\/v2\/users\/2"}],"replies":[{"embeddable":true,"href":"https:\/\/beogradskipark.rs\/en\/wp-json\/wp\/v2\/comments?post=1004"}],"version-history":[{"count":14,"href":"https:\/\/beogradskipark.rs\/en\/wp-json\/wp\/v2\/pages\/1004\/revisions"}],"predecessor-version":[{"id":1537,"href":"https:\/\/beogradskipark.rs\/en\/wp-json\/wp\/v2\/pages\/1004\/revisions\/1537"}],"wp:attachment":[{"href":"https:\/\/beogradskipark.rs\/en\/wp-json\/wp\/v2\/media?parent=1004"}],"curies":[{"name":"wp","href":"https:\/\/api.w.org\/{rel}","templated":true}]}}