{"id":995,"date":"2023-02-21T12:46:04","date_gmt":"2023-02-21T11:46:04","guid":{"rendered":"https:\/\/beogradskipark.rs\/home-page\/"},"modified":"2023-10-09T14:11:55","modified_gmt":"2023-10-09T13:11:55","slug":"home-page","status":"publish","type":"page","link":"https:\/\/beogradskipark.rs\/en\/","title":{"rendered":"Home page"},"content":{"rendered":"<h2>About us<\/h2>\n<p>The public utility company &#8220;Belgrade park&#8221; sees its mission in the quality and continuous management of parks as a necessary and inseparable segment of the life of the citizens of Belgrade.\u00a0<\/p>\n<p>PUK &#8220;Belgrade Park&#8221;\u00a0will provide conditions for the arrangement, use, improvement and protection of parks in the following city municipalities: Vo\u017edovac, Vra\u010dar, Zvezdara, Zemun, Novi Beograd, Palilula, Rakovica, Savski venac, Stari grad and \u010cukarica&#8230;<\/p>\n<p>\t\t\t<a href=\"https:\/\/beogradskipark.rs\/en\/about-belgrade-parks\/\" role=\"button\"><br \/>\n\t\t\t\t\t\tRead more<br \/>\n\t\t\t\t\t<\/a><br \/>\n\t\t\t\t\t\t\t\t\t\t\t\t<img loading=\"lazy\" decoding=\"async\" width=\"1280\" height=\"854\" src=\"https:\/\/beogradskipark.rs\/wp-content\/uploads\/2023\/10\/AKADEMSKI-PARK.jpg\" alt=\"\" loading=\"lazy\" srcset=\"https:\/\/beogradskipark.rs\/wp-content\/uploads\/2023\/10\/AKADEMSKI-PARK.jpg 1280w, https:\/\/beogradskipark.rs\/wp-content\/uploads\/2023\/10\/AKADEMSKI-PARK-300x200.jpg 300w, https:\/\/beogradskipark.rs\/wp-content\/uploads\/2023\/10\/AKADEMSKI-PARK-1024x683.jpg 1024w, https:\/\/beogradskipark.rs\/wp-content\/uploads\/2023\/10\/AKADEMSKI-PARK-768x512.jpg 768w\" sizes=\"(max-width: 1280px) 100vw, 1280px\" \/><br \/>\n\t\t\t<iframe src=\"https:\/\/www.google.com\/maps\/d\/embed?mid=1XUGf4BecF1sLKExRbmBsXeTxk26FuWA&#038;ehbc=2E312F\" width=\"640\" height=\"480\"><\/iframe><br \/>\n\t\t\t\tLatest news<br \/>\n\t\t\t\t\t\tPublic procurement<br \/>\n\t\t\t\t\t\t\t\t\t\t\t\t<img loading=\"lazy\" decoding=\"async\" width=\"1280\" height=\"624\" src=\"https:\/\/beogradskipark.rs\/wp-content\/uploads\/2023\/10\/PARK-TASMAJDAN.jpg\" alt=\"\" loading=\"lazy\" srcset=\"https:\/\/beogradskipark.rs\/wp-content\/uploads\/2023\/10\/PARK-TASMAJDAN.jpg 1280w, https:\/\/beogradskipark.rs\/wp-content\/uploads\/2023\/10\/PARK-TASMAJDAN-300x146.jpg 300w, https:\/\/beogradskipark.rs\/wp-content\/uploads\/2023\/10\/PARK-TASMAJDAN-1024x499.jpg 1024w, https:\/\/beogradskipark.rs\/wp-content\/uploads\/2023\/10\/PARK-TASMAJDAN-768x374.jpg 768w\" sizes=\"(max-width: 1280px) 100vw, 1280px\" \/><br \/>\n\t\t\tAll active and completed public procurements published on our website.<br \/>\n\t\t\t<a role=\"button\"><br \/>\n\t\t\t\t\t\tList of public procurements<br \/>\n\t\t\t\t\t<\/a><br \/>\n\t\t\t\t\t\tPublic invitations<br \/>\n\t\t\t\t\t\t\t\t\t\t\t\t<img loading=\"lazy\" decoding=\"async\" width=\"1280\" height=\"576\" src=\"https:\/\/beogradskipark.rs\/wp-content\/uploads\/2023\/10\/park-lepi-izgled-1.jpg\" alt=\"\" loading=\"lazy\" srcset=\"https:\/\/beogradskipark.rs\/wp-content\/uploads\/2023\/10\/park-lepi-izgled-1.jpg 1280w, https:\/\/beogradskipark.rs\/wp-content\/uploads\/2023\/10\/park-lepi-izgled-1-300x135.jpg 300w, https:\/\/beogradskipark.rs\/wp-content\/uploads\/2023\/10\/park-lepi-izgled-1-1024x461.jpg 1024w, https:\/\/beogradskipark.rs\/wp-content\/uploads\/2023\/10\/park-lepi-izgled-1-768x346.jpg 768w\" sizes=\"(max-width: 1280px) 100vw, 1280px\" \/><br \/>\n\t\t\tAll active and completed public invitations published on our website.<br \/>\n\t\t\t<a role=\"button\"><br \/>\n\t\t\t\t\t\tList of public invitations<br \/>\n\t\t\t\t\t<\/a><br \/>\n\t\t\t\t\t\tParks<br \/>\n\t\t\t\t\t\t\t\t\t\t\t\t<img loading=\"lazy\" decoding=\"async\" width=\"1280\" height=\"680\" src=\"https:\/\/beogradskipark.rs\/wp-content\/uploads\/2023\/10\/PARK-TASMAJDAN-II.jpg\" alt=\"\" loading=\"lazy\" srcset=\"https:\/\/beogradskipark.rs\/wp-content\/uploads\/2023\/10\/PARK-TASMAJDAN-II.jpg 1280w, https:\/\/beogradskipark.rs\/wp-content\/uploads\/2023\/10\/PARK-TASMAJDAN-II-300x159.jpg 300w, https:\/\/beogradskipark.rs\/wp-content\/uploads\/2023\/10\/PARK-TASMAJDAN-II-1024x544.jpg 1024w, https:\/\/beogradskipark.rs\/wp-content\/uploads\/2023\/10\/PARK-TASMAJDAN-II-768x408.jpg 768w\" sizes=\"(max-width: 1280px) 100vw, 1280px\" \/><br \/>\n\t\t\tParks under the jurisdiction of PUC &#8216;Beogradski parkovi&#8217;.<br \/>\n\t\t\t<a role=\"button\"><br \/>\n\t\t\t\t\t\tRead more<br \/>\n\t\t\t\t\t<\/a><\/p>\n","protected":false},"excerpt":{"rendered":"<p>About us The public utility company &#8220;Belgrade park&#8221; sees its mission in the quality and continuous management of parks as a necessary and inseparable segment of the life of the citizens of Belgrade.\u00a0 PUK &#8220;Belgrade Park&#8221;\u00a0will provide conditions for the arrangement, use, improvement and protection of parks in the following city municipalities: Vo\u017edovac, Vra\u010dar, Zvezdara, [&hellip;]<\/p>\n","protected":false},"author":2,"featured_media":963,"parent":0,"menu_order":0,"comment_status":"closed","ping_status":"closed","template":"","meta":{"footnotes":""},"class_list":["post-995","page","type-page","status-publish","has-post-thumbnail","hentry"],"_links":{"self":[{"href":"https:\/\/beogradskipark.rs\/en\/wp-json\/wp\/v2\/pages\/995"}],"collection":[{"href":"https:\/\/beogradskipark.rs\/en\/wp-json\/wp\/v2\/pages"}],"about":[{"href":"https:\/\/beogradskipark.rs\/en\/wp-json\/wp\/v2\/types\/page"}],"author":[{"embeddable":true,"href":"https:\/\/beogradskipark.rs\/en\/wp-json\/wp\/v2\/users\/2"}],"replies":[{"embeddable":true,"href":"https:\/\/beogradskipark.rs\/en\/wp-json\/wp\/v2\/comments?post=995"}],"version-history":[{"count":11,"href":"https:\/\/beogradskipark.rs\/en\/wp-json\/wp\/v2\/pages\/995\/revisions"}],"predecessor-version":[{"id":1511,"href":"https:\/\/beogradskipark.rs\/en\/wp-json\/wp\/v2\/pages\/995\/revisions\/1511"}],"wp:featuredmedia":[{"embeddable":true,"href":"https:\/\/beogradskipark.rs\/en\/wp-json\/wp\/v2\/media\/963"}],"wp:attachment":[{"href":"https:\/\/beogradskipark.rs\/en\/wp-json\/wp\/v2\/media?parent=995"}],"curies":[{"name":"wp","href":"https:\/\/api.w.org\/{rel}","templated":true}]}}